{"id":2099,"date":"2022-11-28T12:56:18","date_gmt":"2022-11-28T11:56:18","guid":{"rendered":"https:\/\/www.petrashoes.it\/travailler-avec-nous\/"},"modified":"2023-12-14T13:53:19","modified_gmt":"2023-12-14T12:53:19","slug":"travaillez-avec-nous","status":"publish","type":"page","link":"https:\/\/www.petrashoes.it\/fr\/travaillez-avec-nous\/","title":{"rendered":"Travailler avec nous"},"content":{"rendered":"\n<div class=\"wp-block-cover is-light gradientb-invert hideimg has-x-large-font-size\" style=\"min-height:734px;aspect-ratio:unset;\"><span aria-hidden=\"true\" class=\"wp-block-cover__background has-background-dim-0 has-background-dim\"><\/span><img loading=\"lazy\" decoding=\"async\" width=\"1920\" height=\"879\" class=\"wp-block-cover__image-background wp-image-1300\" alt=\"\" src=\"https:\/\/petrashoes.it\/wp-content\/uploads\/2022\/11\/header-azienda.jpg\" data-object-fit=\"cover\" srcset=\"https:\/\/www.petrashoes.it\/wp-content\/uploads\/2022\/11\/header-azienda.jpg 1920w, https:\/\/www.petrashoes.it\/wp-content\/uploads\/2022\/11\/header-azienda-300x137.jpg 300w, https:\/\/www.petrashoes.it\/wp-content\/uploads\/2022\/11\/header-azienda-1024x469.jpg 1024w, https:\/\/www.petrashoes.it\/wp-content\/uploads\/2022\/11\/header-azienda-768x352.jpg 768w, https:\/\/www.petrashoes.it\/wp-content\/uploads\/2022\/11\/header-azienda-1536x703.jpg 1536w\" sizes=\"auto, (max-width: 1920px) 100vw, 1920px\" \/><div class=\"wp-block-cover__inner-container is-layout-flow wp-block-cover-is-layout-flow\">\n<p class=\"has-text-align-center has-large-font-size\"><\/p>\n<\/div><\/div>\n\n\n\n<div class=\"wp-block-cover is-light gradientb-invert imgmobile has-x-large-font-size\" style=\"min-height:100vw;aspect-ratio:unset;\"><span aria-hidden=\"true\" class=\"wp-block-cover__background has-background-dim-0 has-background-dim\"><\/span><img loading=\"lazy\" decoding=\"async\" width=\"1920\" height=\"879\" class=\"wp-block-cover__image-background wp-image-1300\" alt=\"\" src=\"https:\/\/petrashoes.it\/wp-content\/uploads\/2022\/11\/header-azienda.jpg\" data-object-fit=\"cover\" srcset=\"https:\/\/www.petrashoes.it\/wp-content\/uploads\/2022\/11\/header-azienda.jpg 1920w, https:\/\/www.petrashoes.it\/wp-content\/uploads\/2022\/11\/header-azienda-300x137.jpg 300w, https:\/\/www.petrashoes.it\/wp-content\/uploads\/2022\/11\/header-azienda-1024x469.jpg 1024w, https:\/\/www.petrashoes.it\/wp-content\/uploads\/2022\/11\/header-azienda-768x352.jpg 768w, https:\/\/www.petrashoes.it\/wp-content\/uploads\/2022\/11\/header-azienda-1536x703.jpg 1536w\" sizes=\"auto, (max-width: 1920px) 100vw, 1920px\" \/><div class=\"wp-block-cover__inner-container is-layout-flow wp-block-cover-is-layout-flow\">\n<p class=\"has-text-align-center has-large-font-size\"><\/p>\n<\/div><\/div>\n\n\n<div class=\"gb-container gb-container-43749417\"><div class=\"gb-inside-container\">\n<div class=\"gb-grid-wrapper gb-grid-wrapper-1f62c587\">\n<div class=\"gb-grid-column gb-grid-column-e080cabf\"><div class=\"gb-container gb-container-e080cabf\"><div class=\"gb-inside-container\">\n\n<h1 class=\"gb-headline gb-headline-73ad1e92 gb-headline-text\">TRAVAILLER AVEC NOUS<\/h1>\n\n\n\n<p class=\"gb-headline gb-headline-0dc2fc2d gb-headline-text\">Voulez-vous faire partie d\u2019une r\u00e9alit\u00e9 en \u00e9volution continue et toujours pr\u00eate \u00e0 affronter de nouveaux d\u00e9fis? Entre dans l\u2019\u00e9quipe Petra!<\/p>\n\n\n<div class=\"gb-container gb-container-a349952c\"><div class=\"gb-inside-container\">\n\n<div class=\"wp-block-contact-form-7-contact-form-selector\">\n<div class=\"wpcf7 no-js\" id=\"wpcf7-f1400-o1\" lang=\"it-IT\" dir=\"ltr\" data-wpcf7-id=\"1400\">\n<div class=\"screen-reader-response\"><p role=\"status\" aria-live=\"polite\" aria-atomic=\"true\"><\/p> <ul><\/ul><\/div>\n<form action=\"\/fr\/wp-json\/wp\/v2\/pages\/2099#wpcf7-f1400-o1\" method=\"post\" class=\"wpcf7-form init\" aria-label=\"Modulo di contatto\" enctype=\"multipart\/form-data\" novalidate=\"novalidate\" data-status=\"init\">\n<fieldset class=\"hidden-fields-container\"><input type=\"hidden\" name=\"_wpcf7\" value=\"1400\" \/><input type=\"hidden\" name=\"_wpcf7_version\" value=\"6.1.5\" \/><input type=\"hidden\" name=\"_wpcf7_locale\" value=\"it_IT\" \/><input type=\"hidden\" name=\"_wpcf7_unit_tag\" value=\"wpcf7-f1400-o1\" \/><input type=\"hidden\" name=\"_wpcf7_container_post\" value=\"0\" \/><input type=\"hidden\" name=\"_wpcf7_posted_data_hash\" value=\"\" \/><input type=\"hidden\" name=\"_wpcf7cf_hidden_group_fields\" value=\"[]\" \/><input type=\"hidden\" name=\"_wpcf7cf_hidden_groups\" value=\"[]\" \/><input type=\"hidden\" name=\"_wpcf7cf_visible_groups\" value=\"[]\" \/><input type=\"hidden\" name=\"_wpcf7cf_repeaters\" value=\"[]\" \/><input type=\"hidden\" name=\"_wpcf7cf_steps\" value=\"{}\" \/><input type=\"hidden\" name=\"_wpcf7cf_options\" value=\"{&quot;form_id&quot;:1400,&quot;conditions&quot;:[{&quot;then_field&quot;:&quot;ip-utente&quot;,&quot;and_rules&quot;:[{&quot;if_field&quot;:&quot;acceptance-909&quot;,&quot;operator&quot;:&quot;equals&quot;,&quot;if_value&quot;:&quot;1&quot;}]}],&quot;settings&quot;:{&quot;animation&quot;:&quot;yes&quot;,&quot;animation_intime&quot;:200,&quot;animation_outtime&quot;:200,&quot;conditions_ui&quot;:&quot;normal&quot;,&quot;notice_dismissed&quot;:false,&quot;notice_dismissed_rollback-cf7-6.0.4&quot;:true}}\" \/><input type=\"hidden\" name=\"_wpcf7_recaptcha_response\" value=\"\" \/>\n<\/fieldset>\n<style>\n.wpcf7-list-item {margin-left: 0px; margin-bottom: 0px!important};\n.wpcf7-file {margin-top: 16px; BACKGROUND: TRANSPARENT!IMPORTANT;};\n input.invia{float: right; width: auto!important; background: black!important};\ninput{background: white!important; width: 100%!important};\ninput.larger {margin: 15px 0px 0px 0px!important; width: 24px!important;height: 24px!important;};\n<\/style>\n<p><label> <span class=\"wpcf7-form-control-wrap\" data-name=\"your-name\"><input size=\"40\" maxlength=\"400\" class=\"wpcf7-form-control wpcf7-text wpcf7-validates-as-required\" aria-required=\"true\" aria-invalid=\"false\" placeholder=\"Nome\" value=\"\" type=\"text\" name=\"your-name\" \/><\/span> <\/label>\n<\/p>\n<p><label> <span class=\"wpcf7-form-control-wrap\" data-name=\"your-cogn\"><input size=\"40\" maxlength=\"400\" class=\"wpcf7-form-control wpcf7-text wpcf7-validates-as-required\" aria-required=\"true\" aria-invalid=\"false\" placeholder=\"Cognome\" value=\"\" type=\"text\" name=\"your-cogn\" \/><\/span> <\/label>\n<\/p>\n<p><label> <span class=\"wpcf7-form-control-wrap\" data-name=\"your-email\"><input size=\"40\" maxlength=\"400\" class=\"wpcf7-form-control wpcf7-email wpcf7-validates-as-required wpcf7-text wpcf7-validates-as-email\" aria-required=\"true\" aria-invalid=\"false\" placeholder=\"E-mail\" value=\"\" type=\"email\" name=\"your-email\" \/><\/span> <\/label>\n<\/p>\n<p><label> <span class=\"wpcf7-form-control-wrap\" data-name=\"your-tel\"><input size=\"40\" maxlength=\"400\" class=\"wpcf7-form-control wpcf7-tel wpcf7-validates-as-required wpcf7-text wpcf7-validates-as-tel\" aria-required=\"true\" aria-invalid=\"false\" placeholder=\"Tel.\" value=\"\" type=\"tel\" name=\"your-tel\" \/><\/span> <\/label>\n<\/p>\n<p><label>Per allegare il tuo C.V.:<br \/>\n<span class=\"wpcf7-form-control-wrap\" data-name=\"file-41\"><input size=\"40\" class=\"wpcf7-form-control wpcf7-file wpcf7-validates-as-required\" accept=\".pdf,.txt,.docx,.doc,.rtf\" aria-required=\"true\" aria-invalid=\"false\" type=\"file\" name=\"file-41\" \/><\/span><\/label>\n<\/p>\n<p><label><span style=\"float: left; margin-right: 10px;\"><span class=\"wpcf7-form-control-wrap\" data-name=\"acceptance-907\"><span class=\"wpcf7-form-control wpcf7-acceptance\"><span class=\"wpcf7-list-item\"><input type=\"checkbox\" name=\"acceptance-907\" value=\"1\" class=\"larger\" aria-invalid=\"false\" \/><\/span><\/span><\/span><\/span> Ho letto e compreso l'<a href=\"https:\/\/www.petrashoes.it\/privacy\/\">informativa sulla privacy<\/a><br \/>\n<\/label><label><span style=\"float: left; margin-right: 10px;\"><span class=\"wpcf7-form-control-wrap\" data-name=\"acceptance-908\"><span class=\"wpcf7-form-control wpcf7-acceptance\"><span class=\"wpcf7-list-item\"><input type=\"checkbox\" name=\"acceptance-908\" value=\"1\" class=\"larger\" aria-invalid=\"false\" \/><\/span><\/span><\/span><\/span> Dichiaro di aver comunicato solamente informazioni di cui ho la piena disponibilit\u00e0 avendo ricevuto le dovute autorizzazioni dai soggetti terzi a cui esse di riferiscono (es.: precedenti datori di lavoro, familiari)<br \/>\n<\/label><label><span style=\"float: left; margin-right: 10px;\"><span class=\"wpcf7-form-control-wrap\" data-name=\"acceptance-909\"><span class=\"wpcf7-form-control wpcf7-acceptance optional\"><span class=\"wpcf7-list-item\"><input type=\"checkbox\" name=\"acceptance-909\" value=\"1\" class=\"larger\" aria-invalid=\"false\" \/><\/span><\/span><\/span><\/span> Acconsento alla conservazione come indicato nel paragrafo LAVORA CON NOI della <a href=\"https:\/\/www.petrashoes.it\/privacy\/\">Privacy policy<\/a><br \/>\n<\/label>\n<\/p>\n<div data-id=\"ip-utente\" data-orig_data_id=\"ip-utente\"  data-class=\"wpcf7cf_group\">\n<input class=\"wpcf7-form-control wpcf7-hidden\" value=\"\" type=\"hidden\" name=\"user-ip\" \/>\n<\/div>\n<p><input class=\"wpcf7-form-control wpcf7-submit has-spinner invia\" type=\"submit\" value=\"INVIA\" \/>\n<\/p><div class=\"wpcf7-response-output\" aria-hidden=\"true\"><\/div>\n<\/form>\n<\/div>\n<\/div>\n\n<\/div><\/div>\n<\/div><\/div><\/div>\n<\/div>\n<\/div><\/div>","protected":false},"excerpt":{"rendered":"","protected":false},"author":1,"featured_media":0,"parent":0,"menu_order":0,"comment_status":"closed","ping_status":"closed","template":"","meta":{"inline_featured_image":false,"pgc_sgb_lightbox_settings":"","footnotes":""},"class_list":["post-2099","page","type-page","status-publish"],"yoast_head":"<!-- This site is optimized with the Yoast SEO plugin v27.3 - https:\/\/yoast.com\/product\/yoast-seo-wordpress\/ -->\n<title>Travailler avec nous | Calzaturificio PETRA S.r.l. - Florence - Italie<\/title>\n<meta name=\"description\" content=\"Voulez-vous faire partie d\u2019une r\u00e9alit\u00e9 en \u00e9volution continue et toujours pr\u00eate \u00e0 affronter de nouveaux d\u00e9fis?\" \/>\n<meta name=\"robots\" content=\"index, follow, max-snippet:-1, max-image-preview:large, max-video-preview:-1\" \/>\n<link rel=\"canonical\" href=\"https:\/\/www.petrashoes.it\/fr\/travaillez-avec-nous\/\" \/>\n<meta property=\"og:locale\" content=\"fr_FR\" \/>\n<meta property=\"og:type\" content=\"article\" \/>\n<meta property=\"og:title\" content=\"Travailler avec nous | Calzaturificio PETRA S.r.l. - Florence - Italie\" \/>\n<meta property=\"og:description\" content=\"Voulez-vous faire partie d\u2019une r\u00e9alit\u00e9 en \u00e9volution continue et toujours pr\u00eate \u00e0 affronter de nouveaux d\u00e9fis?\" \/>\n<meta property=\"og:url\" content=\"https:\/\/www.petrashoes.it\/fr\/travaillez-avec-nous\/\" \/>\n<meta property=\"og:site_name\" content=\"Calzaturificio Petra S.r.l.\" \/>\n<meta property=\"article:modified_time\" content=\"2023-12-14T12:53:19+00:00\" \/>\n<meta property=\"og:image\" content=\"https:\/\/petrashoes.it\/wp-content\/uploads\/2022\/11\/header-azienda.jpg\" \/>\n<meta name=\"twitter:card\" content=\"summary_large_image\" \/>\n<meta name=\"twitter:label1\" content=\"Dur\u00e9e de lecture estim\u00e9e\" \/>\n\t<meta name=\"twitter:data1\" content=\"1 minute\" \/>\n<script type=\"application\/ld+json\" class=\"yoast-schema-graph\">{\"@context\":\"https:\\\/\\\/schema.org\",\"@graph\":[{\"@type\":\"WebPage\",\"@id\":\"https:\\\/\\\/www.petrashoes.it\\\/fr\\\/travaillez-avec-nous\\\/\",\"url\":\"https:\\\/\\\/www.petrashoes.it\\\/fr\\\/travaillez-avec-nous\\\/\",\"name\":\"Travailler avec nous | Calzaturificio PETRA S.r.l. - Florence - Italie\",\"isPartOf\":{\"@id\":\"https:\\\/\\\/www.petrashoes.it\\\/fr\\\/#website\"},\"primaryImageOfPage\":{\"@id\":\"https:\\\/\\\/www.petrashoes.it\\\/fr\\\/travaillez-avec-nous\\\/#primaryimage\"},\"image\":{\"@id\":\"https:\\\/\\\/www.petrashoes.it\\\/fr\\\/travaillez-avec-nous\\\/#primaryimage\"},\"thumbnailUrl\":\"https:\\\/\\\/petrashoes.it\\\/wp-content\\\/uploads\\\/2022\\\/11\\\/header-azienda.jpg\",\"datePublished\":\"2022-11-28T11:56:18+00:00\",\"dateModified\":\"2023-12-14T12:53:19+00:00\",\"description\":\"Voulez-vous faire partie d\u2019une r\u00e9alit\u00e9 en \u00e9volution continue et toujours pr\u00eate \u00e0 affronter de nouveaux d\u00e9fis?\",\"breadcrumb\":{\"@id\":\"https:\\\/\\\/www.petrashoes.it\\\/fr\\\/travaillez-avec-nous\\\/#breadcrumb\"},\"inLanguage\":\"fr-FR\",\"potentialAction\":[{\"@type\":\"ReadAction\",\"target\":[\"https:\\\/\\\/www.petrashoes.it\\\/fr\\\/travaillez-avec-nous\\\/\"]}]},{\"@type\":\"ImageObject\",\"inLanguage\":\"fr-FR\",\"@id\":\"https:\\\/\\\/www.petrashoes.it\\\/fr\\\/travaillez-avec-nous\\\/#primaryimage\",\"url\":\"https:\\\/\\\/petrashoes.it\\\/wp-content\\\/uploads\\\/2022\\\/11\\\/header-azienda.jpg\",\"contentUrl\":\"https:\\\/\\\/petrashoes.it\\\/wp-content\\\/uploads\\\/2022\\\/11\\\/header-azienda.jpg\"},{\"@type\":\"BreadcrumbList\",\"@id\":\"https:\\\/\\\/www.petrashoes.it\\\/fr\\\/travaillez-avec-nous\\\/#breadcrumb\",\"itemListElement\":[{\"@type\":\"ListItem\",\"position\":1,\"name\":\"Home\",\"item\":\"https:\\\/\\\/www.petrashoes.it\\\/fr\\\/\"},{\"@type\":\"ListItem\",\"position\":2,\"name\":\"Travailler avec nous\"}]},{\"@type\":\"WebSite\",\"@id\":\"https:\\\/\\\/www.petrashoes.it\\\/fr\\\/#website\",\"url\":\"https:\\\/\\\/www.petrashoes.it\\\/fr\\\/\",\"name\":\"Calzaturificio Petra S.r.l.\",\"description\":\"\",\"publisher\":{\"@id\":\"https:\\\/\\\/www.petrashoes.it\\\/fr\\\/#organization\"},\"potentialAction\":[{\"@type\":\"SearchAction\",\"target\":{\"@type\":\"EntryPoint\",\"urlTemplate\":\"https:\\\/\\\/www.petrashoes.it\\\/fr\\\/?s={search_term_string}\"},\"query-input\":{\"@type\":\"PropertyValueSpecification\",\"valueRequired\":true,\"valueName\":\"search_term_string\"}}],\"inLanguage\":\"fr-FR\"},{\"@type\":\"Organization\",\"@id\":\"https:\\\/\\\/www.petrashoes.it\\\/fr\\\/#organization\",\"name\":\"Calzaturificio Petra S.r.l.\",\"url\":\"https:\\\/\\\/www.petrashoes.it\\\/fr\\\/\",\"logo\":{\"@type\":\"ImageObject\",\"inLanguage\":\"fr-FR\",\"@id\":\"https:\\\/\\\/www.petrashoes.it\\\/fr\\\/#\\\/schema\\\/logo\\\/image\\\/\",\"url\":\"https:\\\/\\\/www.petrashoes.it\\\/wp-content\\\/uploads\\\/2022\\\/11\\\/logo-petra-NERO.png\",\"contentUrl\":\"https:\\\/\\\/www.petrashoes.it\\\/wp-content\\\/uploads\\\/2022\\\/11\\\/logo-petra-NERO.png\",\"width\":86,\"height\":14,\"caption\":\"Calzaturificio Petra S.r.l.\"},\"image\":{\"@id\":\"https:\\\/\\\/www.petrashoes.it\\\/fr\\\/#\\\/schema\\\/logo\\\/image\\\/\"}}]}<\/script>\n<!-- \/ Yoast SEO plugin. -->","yoast_head_json":{"title":"Travailler avec nous | Calzaturificio PETRA S.r.l. - Florence - Italie","description":"Voulez-vous faire partie d\u2019une r\u00e9alit\u00e9 en \u00e9volution continue et toujours pr\u00eate \u00e0 affronter de nouveaux d\u00e9fis?","robots":{"index":"index","follow":"follow","max-snippet":"max-snippet:-1","max-image-preview":"max-image-preview:large","max-video-preview":"max-video-preview:-1"},"canonical":"https:\/\/www.petrashoes.it\/fr\/travaillez-avec-nous\/","og_locale":"fr_FR","og_type":"article","og_title":"Travailler avec nous | Calzaturificio PETRA S.r.l. - Florence - Italie","og_description":"Voulez-vous faire partie d\u2019une r\u00e9alit\u00e9 en \u00e9volution continue et toujours pr\u00eate \u00e0 affronter de nouveaux d\u00e9fis?","og_url":"https:\/\/www.petrashoes.it\/fr\/travaillez-avec-nous\/","og_site_name":"Calzaturificio Petra S.r.l.","article_modified_time":"2023-12-14T12:53:19+00:00","og_image":[{"url":"https:\/\/petrashoes.it\/wp-content\/uploads\/2022\/11\/header-azienda.jpg","type":"","width":"","height":""}],"twitter_card":"summary_large_image","twitter_misc":{"Dur\u00e9e de lecture estim\u00e9e":"1 minute"},"schema":{"@context":"https:\/\/schema.org","@graph":[{"@type":"WebPage","@id":"https:\/\/www.petrashoes.it\/fr\/travaillez-avec-nous\/","url":"https:\/\/www.petrashoes.it\/fr\/travaillez-avec-nous\/","name":"Travailler avec nous | Calzaturificio PETRA S.r.l. - Florence - Italie","isPartOf":{"@id":"https:\/\/www.petrashoes.it\/fr\/#website"},"primaryImageOfPage":{"@id":"https:\/\/www.petrashoes.it\/fr\/travaillez-avec-nous\/#primaryimage"},"image":{"@id":"https:\/\/www.petrashoes.it\/fr\/travaillez-avec-nous\/#primaryimage"},"thumbnailUrl":"https:\/\/petrashoes.it\/wp-content\/uploads\/2022\/11\/header-azienda.jpg","datePublished":"2022-11-28T11:56:18+00:00","dateModified":"2023-12-14T12:53:19+00:00","description":"Voulez-vous faire partie d\u2019une r\u00e9alit\u00e9 en \u00e9volution continue et toujours pr\u00eate \u00e0 affronter de nouveaux d\u00e9fis?","breadcrumb":{"@id":"https:\/\/www.petrashoes.it\/fr\/travaillez-avec-nous\/#breadcrumb"},"inLanguage":"fr-FR","potentialAction":[{"@type":"ReadAction","target":["https:\/\/www.petrashoes.it\/fr\/travaillez-avec-nous\/"]}]},{"@type":"ImageObject","inLanguage":"fr-FR","@id":"https:\/\/www.petrashoes.it\/fr\/travaillez-avec-nous\/#primaryimage","url":"https:\/\/petrashoes.it\/wp-content\/uploads\/2022\/11\/header-azienda.jpg","contentUrl":"https:\/\/petrashoes.it\/wp-content\/uploads\/2022\/11\/header-azienda.jpg"},{"@type":"BreadcrumbList","@id":"https:\/\/www.petrashoes.it\/fr\/travaillez-avec-nous\/#breadcrumb","itemListElement":[{"@type":"ListItem","position":1,"name":"Home","item":"https:\/\/www.petrashoes.it\/fr\/"},{"@type":"ListItem","position":2,"name":"Travailler avec nous"}]},{"@type":"WebSite","@id":"https:\/\/www.petrashoes.it\/fr\/#website","url":"https:\/\/www.petrashoes.it\/fr\/","name":"Calzaturificio Petra S.r.l.","description":"","publisher":{"@id":"https:\/\/www.petrashoes.it\/fr\/#organization"},"potentialAction":[{"@type":"SearchAction","target":{"@type":"EntryPoint","urlTemplate":"https:\/\/www.petrashoes.it\/fr\/?s={search_term_string}"},"query-input":{"@type":"PropertyValueSpecification","valueRequired":true,"valueName":"search_term_string"}}],"inLanguage":"fr-FR"},{"@type":"Organization","@id":"https:\/\/www.petrashoes.it\/fr\/#organization","name":"Calzaturificio Petra S.r.l.","url":"https:\/\/www.petrashoes.it\/fr\/","logo":{"@type":"ImageObject","inLanguage":"fr-FR","@id":"https:\/\/www.petrashoes.it\/fr\/#\/schema\/logo\/image\/","url":"https:\/\/www.petrashoes.it\/wp-content\/uploads\/2022\/11\/logo-petra-NERO.png","contentUrl":"https:\/\/www.petrashoes.it\/wp-content\/uploads\/2022\/11\/logo-petra-NERO.png","width":86,"height":14,"caption":"Calzaturificio Petra S.r.l."},"image":{"@id":"https:\/\/www.petrashoes.it\/fr\/#\/schema\/logo\/image\/"}}]}},"_links":{"self":[{"href":"https:\/\/www.petrashoes.it\/fr\/wp-json\/wp\/v2\/pages\/2099","targetHints":{"allow":["GET"]}}],"collection":[{"href":"https:\/\/www.petrashoes.it\/fr\/wp-json\/wp\/v2\/pages"}],"about":[{"href":"https:\/\/www.petrashoes.it\/fr\/wp-json\/wp\/v2\/types\/page"}],"author":[{"embeddable":true,"href":"https:\/\/www.petrashoes.it\/fr\/wp-json\/wp\/v2\/users\/1"}],"replies":[{"embeddable":true,"href":"https:\/\/www.petrashoes.it\/fr\/wp-json\/wp\/v2\/comments?post=2099"}],"version-history":[{"count":15,"href":"https:\/\/www.petrashoes.it\/fr\/wp-json\/wp\/v2\/pages\/2099\/revisions"}],"predecessor-version":[{"id":2832,"href":"https:\/\/www.petrashoes.it\/fr\/wp-json\/wp\/v2\/pages\/2099\/revisions\/2832"}],"wp:attachment":[{"href":"https:\/\/www.petrashoes.it\/fr\/wp-json\/wp\/v2\/media?parent=2099"}],"curies":[{"name":"wp","href":"https:\/\/api.w.org\/{rel}","templated":true}]}}