{"id":2093,"date":"2022-11-28T12:11:14","date_gmt":"2022-11-28T11:11:14","guid":{"rendered":"https:\/\/www.petrashoes.it\/services\/"},"modified":"2023-12-14T13:51:51","modified_gmt":"2023-12-14T12:51:51","slug":"services","status":"publish","type":"page","link":"https:\/\/www.petrashoes.it\/fr\/services\/","title":{"rendered":"Services"},"content":{"rendered":"\n<div class=\"wp-block-cover is-light gradientb-invert hideimg has-x-large-font-size\" style=\"min-height:734px;aspect-ratio:unset;\"><span aria-hidden=\"true\" class=\"wp-block-cover__background has-background-dim-0 has-background-dim\"><\/span><img loading=\"lazy\" decoding=\"async\" width=\"1920\" height=\"879\" class=\"wp-block-cover__image-background wp-image-1300\" alt=\"\" src=\"https:\/\/www.petrashoes.it\/wp-content\/uploads\/2022\/11\/header-azienda.jpg\" style=\"object-position:50% 30%\" data-object-fit=\"cover\" data-object-position=\"50% 30%\" srcset=\"https:\/\/www.petrashoes.it\/wp-content\/uploads\/2022\/11\/header-azienda.jpg 1920w, https:\/\/www.petrashoes.it\/wp-content\/uploads\/2022\/11\/header-azienda-300x137.jpg 300w, https:\/\/www.petrashoes.it\/wp-content\/uploads\/2022\/11\/header-azienda-1024x469.jpg 1024w, https:\/\/www.petrashoes.it\/wp-content\/uploads\/2022\/11\/header-azienda-768x352.jpg 768w, https:\/\/www.petrashoes.it\/wp-content\/uploads\/2022\/11\/header-azienda-1536x703.jpg 1536w\" sizes=\"auto, (max-width: 1920px) 100vw, 1920px\" \/><div class=\"wp-block-cover__inner-container is-layout-flow wp-block-cover-is-layout-flow\">\n<p class=\"has-text-align-center has-large-font-size\"><\/p>\n<\/div><\/div>\n\n\n\n<div class=\"wp-block-cover is-light gradientb-invert imgmobile has-x-large-font-size\" style=\"min-height:50vw;aspect-ratio:unset;\"><span aria-hidden=\"true\" class=\"wp-block-cover__background has-background-dim-0 has-background-dim\"><\/span><img loading=\"lazy\" decoding=\"async\" width=\"1920\" height=\"879\" class=\"wp-block-cover__image-background wp-image-1300\" alt=\"\" src=\"https:\/\/www.petrashoes.it\/wp-content\/uploads\/2022\/11\/header-azienda.jpg\" data-object-fit=\"cover\" srcset=\"https:\/\/www.petrashoes.it\/wp-content\/uploads\/2022\/11\/header-azienda.jpg 1920w, https:\/\/www.petrashoes.it\/wp-content\/uploads\/2022\/11\/header-azienda-300x137.jpg 300w, https:\/\/www.petrashoes.it\/wp-content\/uploads\/2022\/11\/header-azienda-1024x469.jpg 1024w, https:\/\/www.petrashoes.it\/wp-content\/uploads\/2022\/11\/header-azienda-768x352.jpg 768w, https:\/\/www.petrashoes.it\/wp-content\/uploads\/2022\/11\/header-azienda-1536x703.jpg 1536w\" sizes=\"auto, (max-width: 1920px) 100vw, 1920px\" \/><div class=\"wp-block-cover__inner-container is-layout-flow wp-block-cover-is-layout-flow\">\n<p class=\"has-text-align-center has-large-font-size\"><\/p>\n<\/div><\/div>\n\n\n<div class=\"gb-container gb-container-43749417\"><div class=\"gb-inside-container\">\n<div class=\"gb-grid-wrapper gb-grid-wrapper-1f62c587\">\n<div class=\"gb-grid-column gb-grid-column-e080cabf\"><div class=\"gb-container gb-container-e080cabf\"><div class=\"gb-inside-container\">\n\n<h1 class=\"gb-headline gb-headline-73ad1e92 gb-headline-text\">SERVICES<\/h1>\n\n\n\n<p class=\"gb-headline gb-headline-0dc2fc2d gb-headline-text\">Haut professionnalisme, perfectionnement continu, disponibilit\u00e9, support, transparence et confidentialit\u00e9 sont les piliers de nos services. La r\u00e9alisation soigneuse de chaque mod\u00e8le d\u00e9rive de notre philosophie d\u2019entreprise partag\u00e9e avec tous nos op\u00e9rateurs.<\/p>\n\n<\/div><\/div><\/div>\n<\/div>\n<\/div><\/div>\n\n<div class=\"gb-container gb-container-a2a472a5\"><div class=\"gb-inside-container\">\n<div class=\"gb-grid-wrapper gb-grid-wrapper-b9832475\">\n<div class=\"gb-grid-column gb-grid-column-6d930ce4\"><div class=\"gb-container gb-container-6d930ce4\"><div class=\"gb-inside-container\">\n\n<figure class=\"wp-block-image size-full img-border-green\"><img loading=\"lazy\" decoding=\"async\" width=\"674\" height=\"455\" src=\"https:\/\/www.petrashoes.it\/wp-content\/uploads\/2023\/07\/servizi-ricerca-e-sviluppo.png\" alt=\"\" class=\"wp-image-1915\" srcset=\"https:\/\/www.petrashoes.it\/wp-content\/uploads\/2023\/07\/servizi-ricerca-e-sviluppo.png 674w, https:\/\/www.petrashoes.it\/wp-content\/uploads\/2023\/07\/servizi-ricerca-e-sviluppo-300x203.png 300w\" sizes=\"auto, (max-width: 674px) 100vw, 674px\" \/><\/figure>\n\n<\/div><\/div><\/div>\n\n<div class=\"gb-grid-column gb-grid-column-3dda17ac\"><div class=\"gb-container gb-container-3dda17ac\" id=\"recherche\"><div class=\"gb-inside-container\">\n\n<h2 class=\"gb-headline gb-headline-15517894 gb-headline-text\">RECHERCHE ET D\u00c9VELOPPEMENT<\/h2>\n\n\n\n<p class=\"gb-headline gb-headline-59399d42 gb-headline-text\">L\u2019exp\u00e9rience et la profonde connaissance des mati\u00e8res premi\u00e8res, nous permettent de fournir \u00e0 nos clients des r\u00e9ponses sur les mat\u00e9riaux et les composants de chaque projets. Manualit\u00e9, pr\u00e9cision et travail d\u2019\u00e9quipe sont \u00e0 la base de notre processus de production.<\/p>\n\n<\/div><\/div><\/div>\n<\/div>\n\n<div class=\"gb-grid-wrapper gb-grid-wrapper-330be022\">\n<div class=\"gb-grid-column gb-grid-column-00b9f36c\"><div class=\"gb-container gb-container-00b9f36c\" id=\"modelage\"><div class=\"gb-inside-container\">\n\n<h2 class=\"gb-headline gb-headline-f1e14774 gb-headline-text\">MODELAGE<\/h2>\n\n\n\n<p class=\"gb-headline gb-headline-e113ccaf gb-headline-text\">Le d\u00e9partement modelage r\u00e9alise les prototypes en utilisant des logiciels et des machines technologiquement avanc\u00e9s. Le professionnalisme de nos techniciens nous permet de transformer les croquis en r\u00e9alit\u00e9 tout en restant fid\u00e8les au projet et en ayant soin des propri\u00e9t\u00e9s de chaque mat\u00e9riau dans sa transformation.<\/p>\n\n<\/div><\/div><\/div>\n\n<div class=\"gb-grid-column gb-grid-column-0e0f4ab4\"><div class=\"gb-container gb-container-0e0f4ab4\"><div class=\"gb-inside-container\">\n\n<figure class=\"wp-block-image size-full img-border-green\"><img loading=\"lazy\" decoding=\"async\" width=\"674\" height=\"455\" src=\"https:\/\/www.petrashoes.it\/wp-content\/uploads\/2023\/07\/servizi-modelleria.png\" alt=\"\" class=\"wp-image-1911\" srcset=\"https:\/\/www.petrashoes.it\/wp-content\/uploads\/2023\/07\/servizi-modelleria.png 674w, https:\/\/www.petrashoes.it\/wp-content\/uploads\/2023\/07\/servizi-modelleria-300x203.png 300w\" sizes=\"auto, (max-width: 674px) 100vw, 674px\" \/><\/figure>\n\n<\/div><\/div><\/div>\n<\/div>\n\n<div class=\"gb-grid-wrapper gb-grid-wrapper-acc34845\">\n<div class=\"gb-grid-column gb-grid-column-2b0cfaa0\"><div class=\"gb-container gb-container-2b0cfaa0\"><div class=\"gb-inside-container\">\n\n<figure class=\"wp-block-image size-full img-border-green\" id=\"produzione\"><img loading=\"lazy\" decoding=\"async\" width=\"674\" height=\"455\" src=\"https:\/\/www.petrashoes.it\/wp-content\/uploads\/2023\/07\/servizi-produzione.png\" alt=\"\" class=\"wp-image-1918\" srcset=\"https:\/\/www.petrashoes.it\/wp-content\/uploads\/2023\/07\/servizi-produzione.png 674w, https:\/\/www.petrashoes.it\/wp-content\/uploads\/2023\/07\/servizi-produzione-300x203.png 300w\" sizes=\"auto, (max-width: 674px) 100vw, 674px\" \/><\/figure>\n\n<\/div><\/div><\/div>\n\n<div class=\"gb-grid-column gb-grid-column-be8c09ca\"><div class=\"gb-container gb-container-be8c09ca\" id=\"production\"><div class=\"gb-inside-container\">\n\n<h2 class=\"gb-headline gb-headline-2afc06f6 gb-headline-text\">PRODUCTION<\/h2>\n\n\n\n<p class=\"gb-headline gb-headline-141b16ff gb-headline-text\">La production se distingue pour le soin particulier des d\u00e9tails et pour l\u2019optimisation des temps gr\u00e2ce \u00e0 l\u2019emploi de machines innovantes de derni\u00e8re g\u00e9n\u00e9ration.<\/p>\n\n<\/div><\/div><\/div>\n<\/div>\n\n<div class=\"gb-grid-wrapper gb-grid-wrapper-d8ebe1b9\">\n<div class=\"gb-grid-column gb-grid-column-9f7e5cfc\"><div class=\"gb-container gb-container-9f7e5cfc\" id=\"controle\"><div class=\"gb-inside-container\">\n\n<h2 class=\"gb-headline gb-headline-604868dc gb-headline-text\">CONTR\u00d4LE DE LA QUALIT\u00c9<\/h2>\n\n\n\n<p class=\"gb-headline gb-headline-88980fa4 gb-headline-text\">La formation de nos op\u00e9rateurs et l\u2019am\u00e9lioration continue des techniques de production nous permettent d\u2019atteindre des standards de qualit\u00e9 tr\u00e8s \u00e9lev\u00e9s dans le respect des processus de production.<\/p>\n\n<\/div><\/div><\/div>\n\n<div class=\"gb-grid-column gb-grid-column-c2096999\"><div class=\"gb-container gb-container-c2096999\"><div class=\"gb-inside-container\">\n\n<figure class=\"wp-block-image size-full img-border-green\"><img loading=\"lazy\" decoding=\"async\" width=\"674\" height=\"455\" src=\"https:\/\/www.petrashoes.it\/wp-content\/uploads\/2023\/07\/servizi-qualita.png\" alt=\"\" class=\"wp-image-1921\" srcset=\"https:\/\/www.petrashoes.it\/wp-content\/uploads\/2023\/07\/servizi-qualita.png 674w, https:\/\/www.petrashoes.it\/wp-content\/uploads\/2023\/07\/servizi-qualita-300x203.png 300w\" sizes=\"auto, (max-width: 674px) 100vw, 674px\" \/><\/figure>\n\n<\/div><\/div><\/div>\n<\/div>\n<\/div><\/div>","protected":false},"excerpt":{"rendered":"","protected":false},"author":1,"featured_media":0,"parent":0,"menu_order":0,"comment_status":"closed","ping_status":"closed","template":"","meta":{"inline_featured_image":false,"pgc_sgb_lightbox_settings":"","footnotes":""},"class_list":["post-2093","page","type-page","status-publish"],"yoast_head":"<!-- This site is optimized with the Yoast SEO plugin v27.3 - https:\/\/yoast.com\/product\/yoast-seo-wordpress\/ -->\n<title>Services | Calzaturificio PETRA S.r.l. - Florence - Italie<\/title>\n<meta name=\"description\" content=\"Haut professionnalisme, support, transparence, confidentialit\u00e9 sont les piliers de nos services: recherche et d\u00e9veloppement, modelage, production, contr\u00f4le de la qualit\u00e9.\" \/>\n<meta name=\"robots\" content=\"index, follow, max-snippet:-1, max-image-preview:large, max-video-preview:-1\" \/>\n<link rel=\"canonical\" href=\"https:\/\/www.petrashoes.it\/fr\/services\/\" \/>\n<meta property=\"og:locale\" content=\"fr_FR\" \/>\n<meta property=\"og:type\" content=\"article\" \/>\n<meta property=\"og:title\" content=\"Services | Calzaturificio PETRA S.r.l. - Florence - Italie\" \/>\n<meta property=\"og:description\" content=\"Haut professionnalisme, support, transparence, confidentialit\u00e9 sont les piliers de nos services: recherche et d\u00e9veloppement, modelage, production, contr\u00f4le de la qualit\u00e9.\" \/>\n<meta property=\"og:url\" content=\"https:\/\/www.petrashoes.it\/fr\/services\/\" \/>\n<meta property=\"og:site_name\" content=\"Calzaturificio Petra S.r.l.\" \/>\n<meta property=\"article:modified_time\" content=\"2023-12-14T12:51:51+00:00\" \/>\n<meta property=\"og:image\" content=\"https:\/\/www.petrashoes.it\/wp-content\/uploads\/2022\/11\/header-azienda.jpg\" \/>\n<meta name=\"twitter:card\" content=\"summary_large_image\" \/>\n<meta name=\"twitter:label1\" content=\"Dur\u00e9e de lecture estim\u00e9e\" \/>\n\t<meta name=\"twitter:data1\" content=\"3 minutes\" \/>\n<script type=\"application\/ld+json\" class=\"yoast-schema-graph\">{\"@context\":\"https:\\\/\\\/schema.org\",\"@graph\":[{\"@type\":\"WebPage\",\"@id\":\"https:\\\/\\\/www.petrashoes.it\\\/fr\\\/services\\\/\",\"url\":\"https:\\\/\\\/www.petrashoes.it\\\/fr\\\/services\\\/\",\"name\":\"Services | Calzaturificio PETRA S.r.l. - Florence - Italie\",\"isPartOf\":{\"@id\":\"https:\\\/\\\/www.petrashoes.it\\\/fr\\\/#website\"},\"primaryImageOfPage\":{\"@id\":\"https:\\\/\\\/www.petrashoes.it\\\/fr\\\/services\\\/#primaryimage\"},\"image\":{\"@id\":\"https:\\\/\\\/www.petrashoes.it\\\/fr\\\/services\\\/#primaryimage\"},\"thumbnailUrl\":\"https:\\\/\\\/www.petrashoes.it\\\/wp-content\\\/uploads\\\/2022\\\/11\\\/header-azienda.jpg\",\"datePublished\":\"2022-11-28T11:11:14+00:00\",\"dateModified\":\"2023-12-14T12:51:51+00:00\",\"description\":\"Haut professionnalisme, support, transparence, confidentialit\u00e9 sont les piliers de nos services: recherche et d\u00e9veloppement, modelage, production, contr\u00f4le de la qualit\u00e9.\",\"breadcrumb\":{\"@id\":\"https:\\\/\\\/www.petrashoes.it\\\/fr\\\/services\\\/#breadcrumb\"},\"inLanguage\":\"fr-FR\",\"potentialAction\":[{\"@type\":\"ReadAction\",\"target\":[\"https:\\\/\\\/www.petrashoes.it\\\/fr\\\/services\\\/\"]}]},{\"@type\":\"ImageObject\",\"inLanguage\":\"fr-FR\",\"@id\":\"https:\\\/\\\/www.petrashoes.it\\\/fr\\\/services\\\/#primaryimage\",\"url\":\"https:\\\/\\\/www.petrashoes.it\\\/wp-content\\\/uploads\\\/2022\\\/11\\\/header-azienda.jpg\",\"contentUrl\":\"https:\\\/\\\/www.petrashoes.it\\\/wp-content\\\/uploads\\\/2022\\\/11\\\/header-azienda.jpg\"},{\"@type\":\"BreadcrumbList\",\"@id\":\"https:\\\/\\\/www.petrashoes.it\\\/fr\\\/services\\\/#breadcrumb\",\"itemListElement\":[{\"@type\":\"ListItem\",\"position\":1,\"name\":\"Home\",\"item\":\"https:\\\/\\\/www.petrashoes.it\\\/fr\\\/\"},{\"@type\":\"ListItem\",\"position\":2,\"name\":\"Services\"}]},{\"@type\":\"WebSite\",\"@id\":\"https:\\\/\\\/www.petrashoes.it\\\/fr\\\/#website\",\"url\":\"https:\\\/\\\/www.petrashoes.it\\\/fr\\\/\",\"name\":\"Calzaturificio Petra S.r.l.\",\"description\":\"\",\"publisher\":{\"@id\":\"https:\\\/\\\/www.petrashoes.it\\\/fr\\\/#organization\"},\"potentialAction\":[{\"@type\":\"SearchAction\",\"target\":{\"@type\":\"EntryPoint\",\"urlTemplate\":\"https:\\\/\\\/www.petrashoes.it\\\/fr\\\/?s={search_term_string}\"},\"query-input\":{\"@type\":\"PropertyValueSpecification\",\"valueRequired\":true,\"valueName\":\"search_term_string\"}}],\"inLanguage\":\"fr-FR\"},{\"@type\":\"Organization\",\"@id\":\"https:\\\/\\\/www.petrashoes.it\\\/fr\\\/#organization\",\"name\":\"Calzaturificio Petra S.r.l.\",\"url\":\"https:\\\/\\\/www.petrashoes.it\\\/fr\\\/\",\"logo\":{\"@type\":\"ImageObject\",\"inLanguage\":\"fr-FR\",\"@id\":\"https:\\\/\\\/www.petrashoes.it\\\/fr\\\/#\\\/schema\\\/logo\\\/image\\\/\",\"url\":\"https:\\\/\\\/www.petrashoes.it\\\/wp-content\\\/uploads\\\/2022\\\/11\\\/logo-petra-NERO.png\",\"contentUrl\":\"https:\\\/\\\/www.petrashoes.it\\\/wp-content\\\/uploads\\\/2022\\\/11\\\/logo-petra-NERO.png\",\"width\":86,\"height\":14,\"caption\":\"Calzaturificio Petra S.r.l.\"},\"image\":{\"@id\":\"https:\\\/\\\/www.petrashoes.it\\\/fr\\\/#\\\/schema\\\/logo\\\/image\\\/\"}}]}<\/script>\n<!-- \/ Yoast SEO plugin. -->","yoast_head_json":{"title":"Services | Calzaturificio PETRA S.r.l. - Florence - Italie","description":"Haut professionnalisme, support, transparence, confidentialit\u00e9 sont les piliers de nos services: recherche et d\u00e9veloppement, modelage, production, contr\u00f4le de la qualit\u00e9.","robots":{"index":"index","follow":"follow","max-snippet":"max-snippet:-1","max-image-preview":"max-image-preview:large","max-video-preview":"max-video-preview:-1"},"canonical":"https:\/\/www.petrashoes.it\/fr\/services\/","og_locale":"fr_FR","og_type":"article","og_title":"Services | Calzaturificio PETRA S.r.l. - Florence - Italie","og_description":"Haut professionnalisme, support, transparence, confidentialit\u00e9 sont les piliers de nos services: recherche et d\u00e9veloppement, modelage, production, contr\u00f4le de la qualit\u00e9.","og_url":"https:\/\/www.petrashoes.it\/fr\/services\/","og_site_name":"Calzaturificio Petra S.r.l.","article_modified_time":"2023-12-14T12:51:51+00:00","og_image":[{"url":"https:\/\/www.petrashoes.it\/wp-content\/uploads\/2022\/11\/header-azienda.jpg","type":"","width":"","height":""}],"twitter_card":"summary_large_image","twitter_misc":{"Dur\u00e9e de lecture estim\u00e9e":"3 minutes"},"schema":{"@context":"https:\/\/schema.org","@graph":[{"@type":"WebPage","@id":"https:\/\/www.petrashoes.it\/fr\/services\/","url":"https:\/\/www.petrashoes.it\/fr\/services\/","name":"Services | Calzaturificio PETRA S.r.l. - Florence - Italie","isPartOf":{"@id":"https:\/\/www.petrashoes.it\/fr\/#website"},"primaryImageOfPage":{"@id":"https:\/\/www.petrashoes.it\/fr\/services\/#primaryimage"},"image":{"@id":"https:\/\/www.petrashoes.it\/fr\/services\/#primaryimage"},"thumbnailUrl":"https:\/\/www.petrashoes.it\/wp-content\/uploads\/2022\/11\/header-azienda.jpg","datePublished":"2022-11-28T11:11:14+00:00","dateModified":"2023-12-14T12:51:51+00:00","description":"Haut professionnalisme, support, transparence, confidentialit\u00e9 sont les piliers de nos services: recherche et d\u00e9veloppement, modelage, production, contr\u00f4le de la qualit\u00e9.","breadcrumb":{"@id":"https:\/\/www.petrashoes.it\/fr\/services\/#breadcrumb"},"inLanguage":"fr-FR","potentialAction":[{"@type":"ReadAction","target":["https:\/\/www.petrashoes.it\/fr\/services\/"]}]},{"@type":"ImageObject","inLanguage":"fr-FR","@id":"https:\/\/www.petrashoes.it\/fr\/services\/#primaryimage","url":"https:\/\/www.petrashoes.it\/wp-content\/uploads\/2022\/11\/header-azienda.jpg","contentUrl":"https:\/\/www.petrashoes.it\/wp-content\/uploads\/2022\/11\/header-azienda.jpg"},{"@type":"BreadcrumbList","@id":"https:\/\/www.petrashoes.it\/fr\/services\/#breadcrumb","itemListElement":[{"@type":"ListItem","position":1,"name":"Home","item":"https:\/\/www.petrashoes.it\/fr\/"},{"@type":"ListItem","position":2,"name":"Services"}]},{"@type":"WebSite","@id":"https:\/\/www.petrashoes.it\/fr\/#website","url":"https:\/\/www.petrashoes.it\/fr\/","name":"Calzaturificio Petra S.r.l.","description":"","publisher":{"@id":"https:\/\/www.petrashoes.it\/fr\/#organization"},"potentialAction":[{"@type":"SearchAction","target":{"@type":"EntryPoint","urlTemplate":"https:\/\/www.petrashoes.it\/fr\/?s={search_term_string}"},"query-input":{"@type":"PropertyValueSpecification","valueRequired":true,"valueName":"search_term_string"}}],"inLanguage":"fr-FR"},{"@type":"Organization","@id":"https:\/\/www.petrashoes.it\/fr\/#organization","name":"Calzaturificio Petra S.r.l.","url":"https:\/\/www.petrashoes.it\/fr\/","logo":{"@type":"ImageObject","inLanguage":"fr-FR","@id":"https:\/\/www.petrashoes.it\/fr\/#\/schema\/logo\/image\/","url":"https:\/\/www.petrashoes.it\/wp-content\/uploads\/2022\/11\/logo-petra-NERO.png","contentUrl":"https:\/\/www.petrashoes.it\/wp-content\/uploads\/2022\/11\/logo-petra-NERO.png","width":86,"height":14,"caption":"Calzaturificio Petra S.r.l."},"image":{"@id":"https:\/\/www.petrashoes.it\/fr\/#\/schema\/logo\/image\/"}}]}},"_links":{"self":[{"href":"https:\/\/www.petrashoes.it\/fr\/wp-json\/wp\/v2\/pages\/2093","targetHints":{"allow":["GET"]}}],"collection":[{"href":"https:\/\/www.petrashoes.it\/fr\/wp-json\/wp\/v2\/pages"}],"about":[{"href":"https:\/\/www.petrashoes.it\/fr\/wp-json\/wp\/v2\/types\/page"}],"author":[{"embeddable":true,"href":"https:\/\/www.petrashoes.it\/fr\/wp-json\/wp\/v2\/users\/1"}],"replies":[{"embeddable":true,"href":"https:\/\/www.petrashoes.it\/fr\/wp-json\/wp\/v2\/comments?post=2093"}],"version-history":[{"count":8,"href":"https:\/\/www.petrashoes.it\/fr\/wp-json\/wp\/v2\/pages\/2093\/revisions"}],"predecessor-version":[{"id":2831,"href":"https:\/\/www.petrashoes.it\/fr\/wp-json\/wp\/v2\/pages\/2093\/revisions\/2831"}],"wp:attachment":[{"href":"https:\/\/www.petrashoes.it\/fr\/wp-json\/wp\/v2\/media?parent=2093"}],"curies":[{"name":"wp","href":"https:\/\/api.w.org\/{rel}","templated":true}]}}