{"id":1631,"date":"2021-02-16T17:22:13","date_gmt":"2021-02-16T16:22:13","guid":{"rendered":"https:\/\/www.petrashoes.it\/home\/"},"modified":"2024-10-04T14:40:45","modified_gmt":"2024-10-04T12:40:45","slug":"home","status":"publish","type":"page","link":"https:\/\/www.petrashoes.it\/fr\/","title":{"rendered":"Home"},"content":{"rendered":"\n<div class=\"wp-block-cover is-light gradientb-invert hideimg has-x-large-font-size\" style=\"min-height:100vh;aspect-ratio:unset;\"><span aria-hidden=\"true\" class=\"wp-block-cover__background has-background-dim-0 has-background-dim\"><\/span><video class=\"wp-block-cover__video-background intrinsic-ignore\" autoplay muted loop playsinline src=\"https:\/\/petrashoes.it\/wp-content\/uploads\/2022\/11\/petra-video-home_v2_compressed.mp4\" style=\"object-position:50% 50%\" data-object-fit=\"cover\" data-object-position=\"50% 50%\"><\/video><div class=\"wp-block-cover__inner-container is-layout-flow wp-block-cover-is-layout-flow\">\n<p class=\"has-text-align-center has-large-font-size\"><\/p>\n<\/div><\/div>\n\n\n\n<div class=\"wp-block-cover is-light gradientb-invert imgmobile has-x-large-font-size\" style=\"min-height:100vw;aspect-ratio:unset;\"><span aria-hidden=\"true\" class=\"wp-block-cover__background has-background-dim-0 has-background-dim\"><\/span><video class=\"wp-block-cover__video-background intrinsic-ignore\" autoplay muted loop playsinline src=\"https:\/\/petrashoes.it\/wp-content\/uploads\/2022\/11\/petra-video-home_v2_compressed.mp4\" style=\"object-position:50% 50%\" data-object-fit=\"cover\" data-object-position=\"50% 50%\"><\/video><div class=\"wp-block-cover__inner-container is-layout-flow wp-block-cover-is-layout-flow\">\n<p class=\"has-text-align-center has-large-font-size\"><\/p>\n<\/div><\/div>\n\n\n<div class=\"gb-container gb-container-43749417\"><div class=\"gb-inside-container\">\n<div class=\"gb-grid-wrapper gb-grid-wrapper-1f62c587\">\n<div class=\"gb-grid-column gb-grid-column-e080cabf\"><div class=\"gb-container gb-container-e080cabf\"><div class=\"gb-inside-container\">\n\n<p class=\"gb-headline gb-headline-0dc2fc2d gb-headline-text\">Depuis plus de cinquante ans, nous transformons en r\u00e9alit\u00e9 les expressions cr\u00e9atives<br>des plus prestigieuses marques de luxe.<\/p>\n\n<\/div><\/div><\/div>\n<\/div>\n<\/div><\/div>\n\n<div class=\"gb-container gb-container-f7eecdb5\"><div class=\"gb-inside-container\">\n\n<h3 class=\"gb-headline gb-headline-23fd6d0f gb-headline-text\"><strong>NOS SERVICES<\/strong><\/h3>\n\n\n<div class=\"gb-grid-wrapper gb-grid-wrapper-330be022\">\n<div class=\"gb-grid-column gb-grid-column-00b9f36c\"><div class=\"gb-container gb-container-00b9f36c\"><a class=\"gb-container-link\" href=\"https:\/\/www.petrashoes.it\/fr\/services\/#recherche\"><\/a><div class=\"gb-inside-container\">\n\n<div class=\"wp-block-cover is-light has-custom-content-position is-position-bottom-center img-border-green gradientb\" style=\"min-height:368px;aspect-ratio:unset;\"><span aria-hidden=\"true\" class=\"wp-block-cover__background has-background-dim-0 has-background-dim\"><\/span><img loading=\"lazy\" decoding=\"async\" width=\"507\" height=\"360\" class=\"wp-block-cover__image-background wp-image-1688\" alt=\"\" src=\"https:\/\/www.petrashoes.it\/wp-content\/uploads\/2022\/12\/box-ricerca-e-sviluppo-1.jpg\" data-object-fit=\"cover\" srcset=\"https:\/\/www.petrashoes.it\/wp-content\/uploads\/2022\/12\/box-ricerca-e-sviluppo-1.jpg 507w, https:\/\/www.petrashoes.it\/wp-content\/uploads\/2022\/12\/box-ricerca-e-sviluppo-1-300x213.jpg 300w\" sizes=\"auto, (max-width: 507px) 100vw, 507px\" \/><div class=\"wp-block-cover__inner-container is-layout-flow wp-block-cover-is-layout-flow\">\n<p class=\"has-text-align-center has-base-3-color has-text-color has-large-font-size\">RECHERCHE ET D\u00c9VELOPPEMENT<\/p>\n<\/div><\/div>\n\n<\/div><\/div><\/div>\n\n<div class=\"gb-grid-column gb-grid-column-0e0f4ab4\"><div class=\"gb-container gb-container-0e0f4ab4\"><a class=\"gb-container-link\" href=\"https:\/\/www.petrashoes.it\/fr\/services\/#modelage\"><\/a><div class=\"gb-inside-container\">\n\n<div class=\"wp-block-cover is-light has-custom-content-position is-position-bottom-center img-border-green gradientb\" style=\"min-height:368px;aspect-ratio:unset;\"><span aria-hidden=\"true\" class=\"wp-block-cover__background has-background-dim-0 has-background-dim\"><\/span><img loading=\"lazy\" decoding=\"async\" width=\"674\" height=\"455\" class=\"wp-block-cover__image-background wp-image-1010\" alt=\"\" src=\"https:\/\/petrashoes.it\/wp-content\/uploads\/2022\/11\/servizi-modelleria.jpg\" data-object-fit=\"cover\" srcset=\"https:\/\/www.petrashoes.it\/wp-content\/uploads\/2022\/11\/servizi-modelleria.jpg 674w, https:\/\/www.petrashoes.it\/wp-content\/uploads\/2022\/11\/servizi-modelleria-300x203.jpg 300w\" sizes=\"auto, (max-width: 674px) 100vw, 674px\" \/><div class=\"wp-block-cover__inner-container is-layout-flow wp-block-cover-is-layout-flow\">\n<p class=\"has-text-align-center has-base-3-color has-text-color has-large-font-size\">MODELAGE<\/p>\n<\/div><\/div>\n\n<\/div><\/div><\/div>\n<\/div>\n\n<div class=\"gb-grid-wrapper gb-grid-wrapper-58ae87f0\">\n<div class=\"gb-grid-column gb-grid-column-70f59083\"><div class=\"gb-container gb-container-70f59083\"><a class=\"gb-container-link\" href=\"https:\/\/www.petrashoes.it\/fr\/services\/#production\"><\/a><div class=\"gb-inside-container\">\n\n<div class=\"wp-block-cover has-custom-content-position is-position-bottom-center img-border-green gradientb\" style=\"min-height:368px;aspect-ratio:unset;\"><span aria-hidden=\"true\" class=\"wp-block-cover__background has-background-dim-0 has-background-dim\"><\/span><img loading=\"lazy\" decoding=\"async\" width=\"674\" height=\"455\" class=\"wp-block-cover__image-background wp-image-1338\" alt=\"\" src=\"https:\/\/www.petrashoes.it\/wp-content\/uploads\/2022\/11\/servizi-produzione.jpg\" data-object-fit=\"cover\" srcset=\"https:\/\/www.petrashoes.it\/wp-content\/uploads\/2022\/11\/servizi-produzione.jpg 674w, https:\/\/www.petrashoes.it\/wp-content\/uploads\/2022\/11\/servizi-produzione-300x203.jpg 300w\" sizes=\"auto, (max-width: 674px) 100vw, 674px\" \/><div class=\"wp-block-cover__inner-container is-layout-flow wp-block-cover-is-layout-flow\">\n<p class=\"has-text-align-center has-base-3-color has-text-color has-large-font-size\">PRODUCTION<\/p>\n<\/div><\/div>\n\n<\/div><\/div><\/div>\n\n<div class=\"gb-grid-column gb-grid-column-86bb76c3\"><div class=\"gb-container gb-container-86bb76c3\"><a class=\"gb-container-link\" href=\"https:\/\/www.petrashoes.it\/fr\/services\/#controle\"><\/a><div class=\"gb-inside-container\">\n\n<div class=\"wp-block-cover is-light has-custom-content-position is-position-bottom-center img-border-green gradientb\" style=\"min-height:368px;aspect-ratio:unset;\"><span aria-hidden=\"true\" class=\"wp-block-cover__background has-background-dim-0 has-background-dim\"><\/span><img loading=\"lazy\" decoding=\"async\" width=\"674\" height=\"455\" class=\"wp-block-cover__image-background wp-image-1339\" alt=\"\" src=\"https:\/\/www.petrashoes.it\/wp-content\/uploads\/2022\/11\/servizi-qualita.jpg\" data-object-fit=\"cover\" srcset=\"https:\/\/www.petrashoes.it\/wp-content\/uploads\/2022\/11\/servizi-qualita.jpg 674w, https:\/\/www.petrashoes.it\/wp-content\/uploads\/2022\/11\/servizi-qualita-300x203.jpg 300w\" sizes=\"auto, (max-width: 674px) 100vw, 674px\" \/><div class=\"wp-block-cover__inner-container is-layout-flow wp-block-cover-is-layout-flow\">\n<p class=\"has-text-align-center has-base-3-color has-text-color has-large-font-size\" style=\"text-transform:uppercase\">CONTR\u00d4LE DE LA QUALIT\u00c9<\/p>\n<\/div><\/div>\n\n<\/div><\/div><\/div>\n<\/div>\n\n<div class=\"gb-container gb-container-7f6921d5\">\n<div class=\"gb-grid-wrapper gb-grid-wrapper-a2cb44db mt-5\">\n<div class=\"gb-grid-column gb-grid-column-3a25b14c\"><div class=\"gb-container gb-container-3a25b14c\"><a class=\"gb-container-link\" href=\"https:\/\/www.petrashoes.it\/fr\/durabilite\/\"><\/a><div class=\"gb-inside-container\">\n\n<div class=\"wp-block-cover is-light has-custom-content-position is-position-bottom-center img-border-green gradientb\" style=\"min-height:368px;aspect-ratio:unset;\"><span aria-hidden=\"true\" class=\"wp-block-cover__background has-background-dim-0 has-background-dim\"><\/span><img loading=\"lazy\" decoding=\"async\" width=\"1060\" height=\"358\" class=\"wp-block-cover__image-background wp-image-2280\" alt=\"Sostenibilit\u00e0\" src=\"https:\/\/www.petrashoes.it\/wp-content\/uploads\/2023\/08\/sostenibilita-box.jpg\" data-object-fit=\"cover\" srcset=\"https:\/\/www.petrashoes.it\/wp-content\/uploads\/2023\/08\/sostenibilita-box.jpg 1060w, https:\/\/www.petrashoes.it\/wp-content\/uploads\/2023\/08\/sostenibilita-box-300x101.jpg 300w, https:\/\/www.petrashoes.it\/wp-content\/uploads\/2023\/08\/sostenibilita-box-1024x346.jpg 1024w, https:\/\/www.petrashoes.it\/wp-content\/uploads\/2023\/08\/sostenibilita-box-768x259.jpg 768w\" sizes=\"auto, (max-width: 1060px) 100vw, 1060px\" \/><div class=\"wp-block-cover__inner-container is-layout-flow wp-block-cover-is-layout-flow\">\n<p class=\"has-text-align-center has-base-3-color has-text-color has-large-font-size\">DURABILIT\u00c9<\/p>\n<\/div><\/div>\n\n<\/div><\/div><\/div>\n<\/div>\n<\/div>\n\n<div class=\"gb-container gb-container-c5452f2b\">\n<div class=\"gb-grid-wrapper gb-grid-wrapper-a91122b1\">\n<div class=\"gb-grid-column gb-grid-column-35ad1629\"><div class=\"gb-container gb-container-35ad1629\"><a class=\"gb-container-link\" href=\"https:\/\/www.petrashoes.it\/fr\/durabilite\/\"><\/a><div class=\"gb-inside-container\">\n\n<div class=\"wp-block-cover is-light has-custom-content-position is-position-bottom-center img-border-green gradientb\" style=\"min-height:368px;aspect-ratio:unset;\"><span aria-hidden=\"true\" class=\"wp-block-cover__background has-background-dim-0 has-background-dim\" style=\"background-color:#878787\"><\/span><img loading=\"lazy\" decoding=\"async\" width=\"1920\" height=\"879\" class=\"wp-block-cover__image-background wp-image-2282\" alt=\"Sostenibilit\u00e0 header, immagine in bianco e nero di un albero in un campo\" src=\"https:\/\/www.petrashoes.it\/wp-content\/uploads\/2023\/08\/sostenibilita-header.jpg\" data-object-fit=\"cover\" srcset=\"https:\/\/www.petrashoes.it\/wp-content\/uploads\/2023\/08\/sostenibilita-header.jpg 1920w, https:\/\/www.petrashoes.it\/wp-content\/uploads\/2023\/08\/sostenibilita-header-300x137.jpg 300w, https:\/\/www.petrashoes.it\/wp-content\/uploads\/2023\/08\/sostenibilita-header-1024x469.jpg 1024w, https:\/\/www.petrashoes.it\/wp-content\/uploads\/2023\/08\/sostenibilita-header-768x352.jpg 768w, https:\/\/www.petrashoes.it\/wp-content\/uploads\/2023\/08\/sostenibilita-header-1536x703.jpg 1536w\" sizes=\"auto, (max-width: 1920px) 100vw, 1920px\" \/><div class=\"wp-block-cover__inner-container is-layout-flow wp-block-cover-is-layout-flow\">\n<p class=\"has-text-align-center has-base-3-color has-text-color has-large-font-size\">DURABILIT\u00c9<\/p>\n<\/div><\/div>\n\n<\/div><\/div><\/div>\n\n<div class=\"gb-grid-column gb-grid-column-df2481be\"><div class=\"gb-container gb-container-df2481be\"><a class=\"gb-container-link\" href=\"https:\/\/www.petrashoes.it\/fr\/organisation-ethique-et-conduit-responsable\/\"><\/a><div class=\"gb-inside-container\">\n\n<div class=\"wp-block-cover has-custom-content-position is-position-bottom-center img-border-green gradientb\" style=\"min-height:368px;aspect-ratio:unset;\"><span aria-hidden=\"true\" class=\"wp-block-cover__background has-background-dim-0 has-background-dim\" style=\"background-color:#878787\"><\/span><img loading=\"lazy\" decoding=\"async\" width=\"694\" height=\"455\" class=\"wp-block-cover__image-background wp-image-2986\" alt=\"\" src=\"https:\/\/www.petrashoes.it\/wp-content\/uploads\/2024\/10\/box-home-etica.jpg\" data-object-fit=\"cover\" srcset=\"https:\/\/www.petrashoes.it\/wp-content\/uploads\/2024\/10\/box-home-etica.jpg 694w, https:\/\/www.petrashoes.it\/wp-content\/uploads\/2024\/10\/box-home-etica-300x197.jpg 300w\" sizes=\"auto, (max-width: 694px) 100vw, 694px\" \/><div class=\"wp-block-cover__inner-container is-layout-flow wp-block-cover-is-layout-flow\">\n<p class=\"has-text-align-center has-base-3-color has-text-color has-large-font-size\" style=\"text-transform:uppercase\">\u00c9THIQUE ET RESPONSABILIT\u00c9<\/p>\n<\/div><\/div>\n\n<\/div><\/div><\/div>\n<\/div>\n<\/div>\n<\/div><\/div>\n\n<div class=\"gb-container gb-container-4211396c\"><div class=\"gb-inside-container\">\n<div class=\"gb-grid-wrapper gb-grid-wrapper-8cdcdbf1\">\n<div class=\"gb-grid-column gb-grid-column-9df228db\"><div class=\"gb-container gb-container-9df228db\"><div class=\"gb-inside-container\">\n\n<h3 class=\"gb-headline gb-headline-4a2e1d8d gb-headline-text\"><strong>UNE HISTOIRE LONGUE PLUS DE 50 ANS<\/strong><\/h3>\n\n\n\n<p class=\"gb-headline gb-headline-6f6096a5 gb-headline-text\">De la salle d\u2019exposition de New York aux plus c\u00e9l\u00e8bres marques de luxe gr\u00e2ce \u00e0 la maitrise de l\u2019artisanat Made in Italy.<\/p>\n\n<\/div><\/div><\/div>\n<\/div>\n<\/div><\/div>","protected":false},"excerpt":{"rendered":"<p>NOS SERVICES<\/p>\n","protected":false},"author":1,"featured_media":1590,"parent":0,"menu_order":0,"comment_status":"closed","ping_status":"closed","template":"","meta":{"inline_featured_image":false,"pgc_sgb_lightbox_settings":"","footnotes":""},"class_list":["post-1631","page","type-page","status-publish","has-post-thumbnail"],"yoast_head":"<!-- This site is optimized with the Yoast SEO plugin v27.3 - https:\/\/yoast.com\/product\/yoast-seo-wordpress\/ -->\n<title>Calzaturificio PETRA S.r.l. - Florence - Italie<\/title>\n<meta name=\"description\" content=\"Depuis plus de cinquante ans, nous transformons en r\u00e9alit\u00e9 les expressions cr\u00e9ativesdes plus prestigieuses marques de luxe.\" \/>\n<meta name=\"robots\" content=\"index, follow, max-snippet:-1, max-image-preview:large, max-video-preview:-1\" \/>\n<link rel=\"canonical\" href=\"https:\/\/www.petrashoes.it\/fr\/\" \/>\n<meta property=\"og:locale\" content=\"fr_FR\" \/>\n<meta property=\"og:type\" content=\"article\" \/>\n<meta property=\"og:title\" content=\"Calzaturificio PETRA S.r.l. - Florence - Italie\" \/>\n<meta property=\"og:description\" content=\"Depuis plus de cinquante ans, nous transformons en r\u00e9alit\u00e9 les expressions cr\u00e9ativesdes plus prestigieuses marques de luxe.\" \/>\n<meta property=\"og:url\" content=\"https:\/\/www.petrashoes.it\/fr\/\" \/>\n<meta property=\"og:site_name\" content=\"Calzaturificio Petra S.r.l.\" \/>\n<meta property=\"article:modified_time\" content=\"2024-10-04T12:40:45+00:00\" \/>\n<meta property=\"og:image\" content=\"https:\/\/www.petrashoes.it\/wp-content\/uploads\/2022\/11\/header-azienda.jpg\" \/>\n\t<meta property=\"og:image:width\" content=\"1920\" \/>\n\t<meta property=\"og:image:height\" content=\"879\" \/>\n\t<meta property=\"og:image:type\" content=\"image\/jpeg\" \/>\n<meta name=\"twitter:card\" content=\"summary_large_image\" \/>\n<meta name=\"twitter:label1\" content=\"Dur\u00e9e de lecture estim\u00e9e\" \/>\n\t<meta name=\"twitter:data1\" content=\"2 minutes\" \/>\n<script type=\"application\/ld+json\" class=\"yoast-schema-graph\">{\"@context\":\"https:\\\/\\\/schema.org\",\"@graph\":[{\"@type\":\"WebPage\",\"@id\":\"https:\\\/\\\/www.petrashoes.it\\\/fr\\\/\",\"url\":\"https:\\\/\\\/www.petrashoes.it\\\/fr\\\/\",\"name\":\"Calzaturificio PETRA S.r.l. - Florence - Italie\",\"isPartOf\":{\"@id\":\"https:\\\/\\\/www.petrashoes.it\\\/fr\\\/#website\"},\"primaryImageOfPage\":{\"@id\":\"https:\\\/\\\/www.petrashoes.it\\\/fr\\\/#primaryimage\"},\"image\":{\"@id\":\"https:\\\/\\\/www.petrashoes.it\\\/fr\\\/#primaryimage\"},\"thumbnailUrl\":\"https:\\\/\\\/www.petrashoes.it\\\/wp-content\\\/uploads\\\/2022\\\/11\\\/header-azienda.jpg\",\"datePublished\":\"2021-02-16T16:22:13+00:00\",\"dateModified\":\"2024-10-04T12:40:45+00:00\",\"description\":\"Depuis plus de cinquante ans, nous transformons en r\u00e9alit\u00e9 les expressions cr\u00e9ativesdes plus prestigieuses marques de luxe.\",\"breadcrumb\":{\"@id\":\"https:\\\/\\\/www.petrashoes.it\\\/fr\\\/#breadcrumb\"},\"inLanguage\":\"fr-FR\",\"potentialAction\":[{\"@type\":\"ReadAction\",\"target\":[\"https:\\\/\\\/www.petrashoes.it\\\/fr\\\/\"]}]},{\"@type\":\"ImageObject\",\"inLanguage\":\"fr-FR\",\"@id\":\"https:\\\/\\\/www.petrashoes.it\\\/fr\\\/#primaryimage\",\"url\":\"https:\\\/\\\/www.petrashoes.it\\\/wp-content\\\/uploads\\\/2022\\\/11\\\/header-azienda.jpg\",\"contentUrl\":\"https:\\\/\\\/www.petrashoes.it\\\/wp-content\\\/uploads\\\/2022\\\/11\\\/header-azienda.jpg\",\"width\":1920,\"height\":879,\"caption\":\"interno azienda calzaturificio Petra\"},{\"@type\":\"BreadcrumbList\",\"@id\":\"https:\\\/\\\/www.petrashoes.it\\\/fr\\\/#breadcrumb\",\"itemListElement\":[{\"@type\":\"ListItem\",\"position\":1,\"name\":\"Home\",\"item\":\"https:\\\/\\\/www.petrashoes.it\\\/fr\\\/\"},{\"@type\":\"ListItem\",\"position\":2,\"name\":\"Home\"}]},{\"@type\":\"WebSite\",\"@id\":\"https:\\\/\\\/www.petrashoes.it\\\/fr\\\/#website\",\"url\":\"https:\\\/\\\/www.petrashoes.it\\\/fr\\\/\",\"name\":\"Calzaturificio Petra S.r.l.\",\"description\":\"\",\"publisher\":{\"@id\":\"https:\\\/\\\/www.petrashoes.it\\\/fr\\\/#organization\"},\"potentialAction\":[{\"@type\":\"SearchAction\",\"target\":{\"@type\":\"EntryPoint\",\"urlTemplate\":\"https:\\\/\\\/www.petrashoes.it\\\/fr\\\/?s={search_term_string}\"},\"query-input\":{\"@type\":\"PropertyValueSpecification\",\"valueRequired\":true,\"valueName\":\"search_term_string\"}}],\"inLanguage\":\"fr-FR\"},{\"@type\":\"Organization\",\"@id\":\"https:\\\/\\\/www.petrashoes.it\\\/fr\\\/#organization\",\"name\":\"Calzaturificio Petra S.r.l.\",\"url\":\"https:\\\/\\\/www.petrashoes.it\\\/fr\\\/\",\"logo\":{\"@type\":\"ImageObject\",\"inLanguage\":\"fr-FR\",\"@id\":\"https:\\\/\\\/www.petrashoes.it\\\/fr\\\/#\\\/schema\\\/logo\\\/image\\\/\",\"url\":\"https:\\\/\\\/www.petrashoes.it\\\/wp-content\\\/uploads\\\/2022\\\/11\\\/logo-petra-NERO.png\",\"contentUrl\":\"https:\\\/\\\/www.petrashoes.it\\\/wp-content\\\/uploads\\\/2022\\\/11\\\/logo-petra-NERO.png\",\"width\":86,\"height\":14,\"caption\":\"Calzaturificio Petra S.r.l.\"},\"image\":{\"@id\":\"https:\\\/\\\/www.petrashoes.it\\\/fr\\\/#\\\/schema\\\/logo\\\/image\\\/\"}}]}<\/script>\n<!-- \/ Yoast SEO plugin. -->","yoast_head_json":{"title":"Calzaturificio PETRA S.r.l. - Florence - Italie","description":"Depuis plus de cinquante ans, nous transformons en r\u00e9alit\u00e9 les expressions cr\u00e9ativesdes plus prestigieuses marques de luxe.","robots":{"index":"index","follow":"follow","max-snippet":"max-snippet:-1","max-image-preview":"max-image-preview:large","max-video-preview":"max-video-preview:-1"},"canonical":"https:\/\/www.petrashoes.it\/fr\/","og_locale":"fr_FR","og_type":"article","og_title":"Calzaturificio PETRA S.r.l. - Florence - Italie","og_description":"Depuis plus de cinquante ans, nous transformons en r\u00e9alit\u00e9 les expressions cr\u00e9ativesdes plus prestigieuses marques de luxe.","og_url":"https:\/\/www.petrashoes.it\/fr\/","og_site_name":"Calzaturificio Petra S.r.l.","article_modified_time":"2024-10-04T12:40:45+00:00","og_image":[{"width":1920,"height":879,"url":"https:\/\/www.petrashoes.it\/wp-content\/uploads\/2022\/11\/header-azienda.jpg","type":"image\/jpeg"}],"twitter_card":"summary_large_image","twitter_misc":{"Dur\u00e9e de lecture estim\u00e9e":"2 minutes"},"schema":{"@context":"https:\/\/schema.org","@graph":[{"@type":"WebPage","@id":"https:\/\/www.petrashoes.it\/fr\/","url":"https:\/\/www.petrashoes.it\/fr\/","name":"Calzaturificio PETRA S.r.l. - Florence - Italie","isPartOf":{"@id":"https:\/\/www.petrashoes.it\/fr\/#website"},"primaryImageOfPage":{"@id":"https:\/\/www.petrashoes.it\/fr\/#primaryimage"},"image":{"@id":"https:\/\/www.petrashoes.it\/fr\/#primaryimage"},"thumbnailUrl":"https:\/\/www.petrashoes.it\/wp-content\/uploads\/2022\/11\/header-azienda.jpg","datePublished":"2021-02-16T16:22:13+00:00","dateModified":"2024-10-04T12:40:45+00:00","description":"Depuis plus de cinquante ans, nous transformons en r\u00e9alit\u00e9 les expressions cr\u00e9ativesdes plus prestigieuses marques de luxe.","breadcrumb":{"@id":"https:\/\/www.petrashoes.it\/fr\/#breadcrumb"},"inLanguage":"fr-FR","potentialAction":[{"@type":"ReadAction","target":["https:\/\/www.petrashoes.it\/fr\/"]}]},{"@type":"ImageObject","inLanguage":"fr-FR","@id":"https:\/\/www.petrashoes.it\/fr\/#primaryimage","url":"https:\/\/www.petrashoes.it\/wp-content\/uploads\/2022\/11\/header-azienda.jpg","contentUrl":"https:\/\/www.petrashoes.it\/wp-content\/uploads\/2022\/11\/header-azienda.jpg","width":1920,"height":879,"caption":"interno azienda calzaturificio Petra"},{"@type":"BreadcrumbList","@id":"https:\/\/www.petrashoes.it\/fr\/#breadcrumb","itemListElement":[{"@type":"ListItem","position":1,"name":"Home","item":"https:\/\/www.petrashoes.it\/fr\/"},{"@type":"ListItem","position":2,"name":"Home"}]},{"@type":"WebSite","@id":"https:\/\/www.petrashoes.it\/fr\/#website","url":"https:\/\/www.petrashoes.it\/fr\/","name":"Calzaturificio Petra S.r.l.","description":"","publisher":{"@id":"https:\/\/www.petrashoes.it\/fr\/#organization"},"potentialAction":[{"@type":"SearchAction","target":{"@type":"EntryPoint","urlTemplate":"https:\/\/www.petrashoes.it\/fr\/?s={search_term_string}"},"query-input":{"@type":"PropertyValueSpecification","valueRequired":true,"valueName":"search_term_string"}}],"inLanguage":"fr-FR"},{"@type":"Organization","@id":"https:\/\/www.petrashoes.it\/fr\/#organization","name":"Calzaturificio Petra S.r.l.","url":"https:\/\/www.petrashoes.it\/fr\/","logo":{"@type":"ImageObject","inLanguage":"fr-FR","@id":"https:\/\/www.petrashoes.it\/fr\/#\/schema\/logo\/image\/","url":"https:\/\/www.petrashoes.it\/wp-content\/uploads\/2022\/11\/logo-petra-NERO.png","contentUrl":"https:\/\/www.petrashoes.it\/wp-content\/uploads\/2022\/11\/logo-petra-NERO.png","width":86,"height":14,"caption":"Calzaturificio Petra S.r.l."},"image":{"@id":"https:\/\/www.petrashoes.it\/fr\/#\/schema\/logo\/image\/"}}]}},"_links":{"self":[{"href":"https:\/\/www.petrashoes.it\/fr\/wp-json\/wp\/v2\/pages\/1631","targetHints":{"allow":["GET"]}}],"collection":[{"href":"https:\/\/www.petrashoes.it\/fr\/wp-json\/wp\/v2\/pages"}],"about":[{"href":"https:\/\/www.petrashoes.it\/fr\/wp-json\/wp\/v2\/types\/page"}],"author":[{"embeddable":true,"href":"https:\/\/www.petrashoes.it\/fr\/wp-json\/wp\/v2\/users\/1"}],"replies":[{"embeddable":true,"href":"https:\/\/www.petrashoes.it\/fr\/wp-json\/wp\/v2\/comments?post=1631"}],"version-history":[{"count":62,"href":"https:\/\/www.petrashoes.it\/fr\/wp-json\/wp\/v2\/pages\/1631\/revisions"}],"predecessor-version":[{"id":3080,"href":"https:\/\/www.petrashoes.it\/fr\/wp-json\/wp\/v2\/pages\/1631\/revisions\/3080"}],"wp:featuredmedia":[{"embeddable":true,"href":"https:\/\/www.petrashoes.it\/fr\/wp-json\/wp\/v2\/media\/1590"}],"wp:attachment":[{"href":"https:\/\/www.petrashoes.it\/fr\/wp-json\/wp\/v2\/media?parent=1631"}],"curies":[{"name":"wp","href":"https:\/\/api.w.org\/{rel}","templated":true}]}}